{"id":80,"date":"2024-02-08T22:59:54","date_gmt":"2024-02-08T22:59:54","guid":{"rendered":"https:\/\/www.clemontreal.org\/fr\/?page_id=80"},"modified":"2024-05-15T19:41:28","modified_gmt":"2024-05-15T19:41:28","slug":"nous-soutenir","status":"publish","type":"page","link":"https:\/\/www.clemontreal.org\/fr\/index.php\/nous-soutenir\/","title":{"rendered":"Nous soutenir"},"content":{"rendered":"\n<p class=\"has-medium-font-size\">Vous pouvez nous soutenir de plusieurs mani\u00e8res&nbsp;:<\/p>\n\n\n\n<div class=\"wp-block-columns has-neve-link-color-background-color has-background is-layout-flex wp-container-core-columns-is-layout-9d6595d7 wp-block-columns-is-layout-flex\" style=\"border-radius:30px\">\n<div class=\"wp-block-column is-layout-flow wp-block-column-is-layout-flow\" style=\"flex-basis:425px\">\n<h2 class=\"wp-block-heading\" id=\"facebook\">Facebook<\/h2>\n\n\n\n<p class=\"has-medium-font-size\">Cliquez \u00abJ\u2019aime\u00bb sur notre page !<\/p>\n\n\n\n<ul class=\"wp-block-social-links has-huge-icon-size has-visible-labels is-style-pill-shape is-content-justification-left is-layout-flex wp-container-core-social-links-is-layout-0b52432d wp-block-social-links-is-layout-flex\" style=\"padding-top:0;padding-right:0;padding-bottom:0;padding-left:0\"><li class=\"wp-social-link wp-social-link-facebook  wp-block-social-link\"><a rel=\"noopener nofollow\" target=\"_blank\" href=\"https:\/\/www.facebook.com\/profile.php?id=61558043799174\" class=\"wp-block-social-link-anchor\"><svg width=\"24\" height=\"24\" viewBox=\"0 0 24 24\" version=\"1.1\" xmlns=\"http:\/\/www.w3.org\/2000\/svg\" aria-hidden=\"true\" focusable=\"false\"><path d=\"M12 2C6.5 2 2 6.5 2 12c0 5 3.7 9.1 8.4 9.9v-7H7.9V12h2.5V9.8c0-2.5 1.5-3.9 3.8-3.9 1.1 0 2.2.2 2.2.2v2.5h-1.3c-1.2 0-1.6.8-1.6 1.6V12h2.8l-.4 2.9h-2.3v7C18.3 21.1 22 17 22 12c0-5.5-4.5-10-10-10z\"><\/path><\/svg><span class=\"wp-block-social-link-label\">Facebook<\/span><\/a><\/li><\/ul>\n<\/div>\n\n\n\n<div class=\"wp-block-column is-layout-flow wp-block-column-is-layout-flow\">\n<h2 class=\"wp-block-heading\" id=\"youtube\">Youtube<\/h2>\n\n\n\n<p class=\"has-medium-font-size\">Regardez nos vid\u00e9os et cliquez \u00abSuivre\u00bb sur notre chaine Youtube.<\/p>\n\n\n\n<ul class=\"wp-block-social-links has-huge-icon-size has-visible-labels is-layout-flex wp-block-social-links-is-layout-flex\"><li class=\"wp-social-link wp-social-link-youtube  wp-block-social-link\"><a rel=\"noopener nofollow\" target=\"_blank\" href=\"https:\/\/www.youtube.com\/channel\/UC47-wMUwb5ZE4rQ4Bhct1pg\" class=\"wp-block-social-link-anchor\"><svg width=\"24\" height=\"24\" viewBox=\"0 0 24 24\" version=\"1.1\" xmlns=\"http:\/\/www.w3.org\/2000\/svg\" aria-hidden=\"true\" focusable=\"false\"><path d=\"M21.8,8.001c0,0-0.195-1.378-0.795-1.985c-0.76-0.797-1.613-0.801-2.004-0.847c-2.799-0.202-6.997-0.202-6.997-0.202 h-0.009c0,0-4.198,0-6.997,0.202C4.608,5.216,3.756,5.22,2.995,6.016C2.395,6.623,2.2,8.001,2.2,8.001S2,9.62,2,11.238v1.517 c0,1.618,0.2,3.237,0.2,3.237s0.195,1.378,0.795,1.985c0.761,0.797,1.76,0.771,2.205,0.855c1.6,0.153,6.8,0.201,6.8,0.201 s4.203-0.006,7.001-0.209c0.391-0.047,1.243-0.051,2.004-0.847c0.6-0.607,0.795-1.985,0.795-1.985s0.2-1.618,0.2-3.237v-1.517 C22,9.62,21.8,8.001,21.8,8.001z M9.935,14.594l-0.001-5.62l5.404,2.82L9.935,14.594z\"><\/path><\/svg><span class=\"wp-block-social-link-label\">Youtube<\/span><\/a><\/li><\/ul>\n<\/div>\n<\/div>\n\n\n<style>.kadence-column80_16bc0f-a9{max-width:1200px;margin-left:auto;margin-right:auto;}.wp-block-kadence-column.kb-section-dir-horizontal:not(.kb-section-md-dir-vertical)>.kt-inside-inner-col>.kadence-column80_16bc0f-a9{-webkit-flex:0 1 1200px;flex:0 1 1200px;max-width:unset;margin-left:unset;margin-right:unset;}.kadence-column80_16bc0f-a9 > .kt-inside-inner-col{border-top:40px solid transparent;border-right:40px solid transparent;border-bottom:40px solid transparent;border-left:40px solid transparent;}.kadence-column80_16bc0f-a9 > .kt-inside-inner-col,.kadence-column80_16bc0f-a9 > .kt-inside-inner-col:before{border-top-left-radius:30px;border-top-right-radius:30px;border-bottom-right-radius:30px;border-bottom-left-radius:30px;}.kadence-column80_16bc0f-a9 > .kt-inside-inner-col{column-gap:var(--global-kb-gap-sm, 1rem);}.kadence-column80_16bc0f-a9 > .kt-inside-inner-col{flex-direction:column;}.kadence-column80_16bc0f-a9 > .kt-inside-inner-col > .aligncenter{width:100%;}.kadence-column80_16bc0f-a9 > .kt-inside-inner-col{background-color:var(--nv-light-bg);}.kadence-column80_16bc0f-a9 > .kt-inside-inner-col:before{opacity:0.3;}.kadence-column80_16bc0f-a9{position:relative;}@media all and (min-width: 1025px){.wp-block-kadence-column.kb-section-dir-horizontal>.kt-inside-inner-col>.kadence-column80_16bc0f-a9{-webkit-flex:0 1 1200px;flex:0 1 1200px;max-width:unset;margin-left:unset;margin-right:unset;}}@media all and (max-width: 1024px){.kadence-column80_16bc0f-a9 > .kt-inside-inner-col{border-top:40px solid transparent;border-right:40px solid transparent;border-bottom:40px solid transparent;border-left:40px solid transparent;flex-direction:column;justify-content:center;}}@media all and (max-width: 767px){.kadence-column80_16bc0f-a9 > .kt-inside-inner-col{border-top:40px solid transparent;border-right:40px solid transparent;border-bottom:40px solid transparent;border-left:40px solid transparent;flex-direction:column;justify-content:center;}.wp-block-kadence-column.kb-section-sm-dir-vertical:not(.kb-section-sm-dir-horizontal):not(.kb-section-sm-dir-specificity)>.kt-inside-inner-col>.kadence-column80_16bc0f-a9{max-width:1200px;-webkit-flex:1;flex:1;margin-left:auto;margin-right:auto;}}<\/style>\n<div class=\"wp-block-kadence-column kadence-column80_16bc0f-a9\"><div class=\"kt-inside-inner-col\">\n<h2 class=\"wp-block-heading\">Faire un don<\/h2>\n\n\n\n<p class=\"has-medium-font-size\">Vous pouvez faire un don pour nous aider \u00e0 offrir plus d\u2019activit\u00e9s et de soutien \u00e0 nos participantEs.<\/p>\n\n\n\n<div class=\"wp-block-columns is-layout-flex wp-container-core-columns-is-layout-9d6595d7 wp-block-columns-is-layout-flex\">\n<div class=\"wp-block-column is-layout-flow wp-block-column-is-layout-flow\" style=\"flex-basis:50%\"><style>.wp-block-kadence-spacer.kt-block-spacer-80_5c6539-2b .kt-block-spacer{height:15px;}.wp-block-kadence-spacer.kt-block-spacer-80_5c6539-2b .kt-divider{border-top-width:1px;height:1px;border-top-color:#eee;width:80%;border-top-style:solid;}<\/style>\n<div class=\"wp-block-kadence-spacer aligncenter kt-block-spacer-80_5c6539-2b\"><div class=\"kt-block-spacer kt-block-spacer-halign-center\"><hr class=\"kt-divider\"\/><\/div><\/div>\n\n\n\n<p style=\"font-size:30px\">Pour faire un don en ligne, cliquez ici :<\/p>\n<\/div>\n\n\n\n<div class=\"wp-block-column is-layout-flow wp-block-column-is-layout-flow\" style=\"flex-basis:33.33%\">\n<div class=\"wp-block-buttons is-layout-flex wp-block-buttons-is-layout-flex\">\n<div class=\"wp-block-button is-style-primary\"><a class=\"wp-block-button__link has-nv-site-bg-color has-custom-3-background-color has-text-color has-background has-link-color wp-element-button\" href=\"https:\/\/www.canadahelps.org\/fr\/organismesdebienfaisance\/centre-lecture-ecriture-montreal\/\" target=\"_blank\" rel=\"noreferrer noopener\">Faire un don !<\/a><\/div>\n<\/div>\n<\/div>\n<\/div>\n\n\n<style>.wp-block-kadence-spacer.kt-block-spacer-80_a34b02-d9 .kt-block-spacer{height:20px;}.wp-block-kadence-spacer.kt-block-spacer-80_a34b02-d9 .kt-divider{border-top-width:1px;height:1px;border-top-color:#eee;width:80%;border-top-style:solid;}<\/style>\n<div class=\"wp-block-kadence-spacer aligncenter kt-block-spacer-80_a34b02-d9\"><div class=\"kt-block-spacer kt-block-spacer-halign-center\"><hr class=\"kt-divider\"\/><\/div><\/div>\n\n\n\n<p style=\"font-size:30px\">Pour faire un don par ch\u00e8que: <\/p>\n\n\n\n<p class=\"has-medium-font-size\">Adressez votre ch\u00e8que au\u00a0:<br><strong>CL\u00c9 Montr\u00e9al<br>217-4450 rue Saint-Hubert, Montr\u00e9al (Qu\u00e9bec) H2J 2W9<\/strong><\/p>\n\n\n\n<p class=\"has-medium-font-size\">Vous pouvez nous envoyer le ch\u00e8que par la poste ou nous le remettre en personne.<br>N\u2019oubliez pas de nous donner votre nom, pr\u00e9nom, adresse et courriel pour obtenir un re\u00e7u.<br>Vos dons sont d\u00e9ductibles d\u2019imp\u00f4t.<\/p>\n<\/div><\/div>\n\n\n<style>.wp-block-kadence-spacer.kt-block-spacer-80_e87eda-9e .kt-block-spacer{height:30px;}.wp-block-kadence-spacer.kt-block-spacer-80_e87eda-9e .kt-divider{border-top-width:1px;height:1px;border-top-color:#eee;width:80%;border-top-style:solid;}<\/style>\n<div class=\"wp-block-kadence-spacer aligncenter kt-block-spacer-80_e87eda-9e\"><div class=\"kt-block-spacer kt-block-spacer-halign-center\"><hr class=\"kt-divider\"\/><\/div><\/div>\n","protected":false},"excerpt":{"rendered":"<p>Vous pouvez nous soutenir de plusieurs mani\u00e8res&nbsp;: Facebook Cliquez \u00abJ\u2019aime\u00bb sur notre page ! Youtube Regardez nos vid\u00e9os et cliquez \u00abSuivre\u00bb sur notre chaine Youtube. Faire un don Vous pouvez faire un don pour nous aider \u00e0 offrir plus d\u2019activit\u00e9s et de soutien \u00e0 nos participantEs. Pour faire un don en ligne, cliquez ici :&hellip;&nbsp;<a href=\"https:\/\/www.clemontreal.org\/fr\/index.php\/nous-soutenir\/\" rel=\"bookmark\">Lire la suite &raquo;<span class=\"screen-reader-text\">Nous soutenir<\/span><\/a><\/p>\n","protected":false},"author":1,"featured_media":0,"parent":0,"menu_order":0,"comment_status":"closed","ping_status":"closed","template":"","meta":{"inline_featured_image":false,"neve_meta_sidebar":"","neve_meta_container":"","neve_meta_enable_content_width":"","neve_meta_content_width":0,"neve_meta_title_alignment":"","neve_meta_author_avatar":"","neve_post_elements_order":"","neve_meta_disable_header":"","neve_meta_disable_footer":"","neve_meta_disable_title":"","footnotes":""},"class_list":["post-80","page","type-page","status-publish","hentry"],"_links":{"self":[{"href":"https:\/\/www.clemontreal.org\/fr\/index.php\/wp-json\/wp\/v2\/pages\/80","targetHints":{"allow":["GET"]}}],"collection":[{"href":"https:\/\/www.clemontreal.org\/fr\/index.php\/wp-json\/wp\/v2\/pages"}],"about":[{"href":"https:\/\/www.clemontreal.org\/fr\/index.php\/wp-json\/wp\/v2\/types\/page"}],"author":[{"embeddable":true,"href":"https:\/\/www.clemontreal.org\/fr\/index.php\/wp-json\/wp\/v2\/users\/1"}],"replies":[{"embeddable":true,"href":"https:\/\/www.clemontreal.org\/fr\/index.php\/wp-json\/wp\/v2\/comments?post=80"}],"version-history":[{"count":32,"href":"https:\/\/www.clemontreal.org\/fr\/index.php\/wp-json\/wp\/v2\/pages\/80\/revisions"}],"predecessor-version":[{"id":1357,"href":"https:\/\/www.clemontreal.org\/fr\/index.php\/wp-json\/wp\/v2\/pages\/80\/revisions\/1357"}],"wp:attachment":[{"href":"https:\/\/www.clemontreal.org\/fr\/index.php\/wp-json\/wp\/v2\/media?parent=80"}],"curies":[{"name":"wp","href":"https:\/\/api.w.org\/{rel}","templated":true}]}}