{"id":73,"date":"2024-02-08T22:53:04","date_gmt":"2024-02-08T22:53:04","guid":{"rendered":"https:\/\/www.clemontreal.org\/fr\/?page_id=73"},"modified":"2026-04-14T20:24:16","modified_gmt":"2026-04-14T20:24:16","slug":"formation","status":"publish","type":"page","link":"https:\/\/www.clemontreal.org\/fr\/index.php\/formation\/","title":{"rendered":"Formation"},"content":{"rendered":"\n<p class=\"has-text-align-center\"><\/p>\n\n\n<style>.kadence-column73_b6ae67-54 > .kt-inside-inner-col,.kadence-column73_b6ae67-54 > .kt-inside-inner-col:before{border-top-left-radius:0px;border-top-right-radius:0px;border-bottom-right-radius:0px;border-bottom-left-radius:0px;}.kadence-column73_b6ae67-54 > .kt-inside-inner-col{column-gap:var(--global-kb-gap-sm, 1rem);}.kadence-column73_b6ae67-54 > .kt-inside-inner-col{flex-direction:column;}.kadence-column73_b6ae67-54 > .kt-inside-inner-col > .aligncenter{width:100%;}.kadence-column73_b6ae67-54 > .kt-inside-inner-col:before{opacity:0.3;}.kadence-column73_b6ae67-54{position:relative;}@media all and (max-width: 1024px){.kadence-column73_b6ae67-54 > .kt-inside-inner-col{flex-direction:column;justify-content:center;}}@media all and (max-width: 767px){.kadence-column73_b6ae67-54 > .kt-inside-inner-col{flex-direction:column;justify-content:center;}}<\/style>\n<div class=\"wp-block-kadence-column kadence-column73_b6ae67-54\"><div class=\"kt-inside-inner-col\">\n<div class=\"wp-block-columns is-layout-flex wp-container-core-columns-is-layout-9d6595d7 wp-block-columns-is-layout-flex\">\n<div class=\"wp-block-column is-layout-flow wp-block-column-is-layout-flow\"><div class=\"wp-block-image\">\n<figure class=\"aligncenter size-large\"><img loading=\"lazy\" decoding=\"async\" width=\"1024\" height=\"570\" src=\"https:\/\/www.clemontreal.org\/fr\/wp-content\/uploads\/2025\/03\/Capture-decran-2025-03-19-160657-1024x570.png\" alt=\"Annonce de la formation La d\u00e9mocratie, simplement: inclusion et participation d\u00e9mocratique des personnes peu alphab\u00e9tis\u00e9es dans les groupes communautaires\" class=\"wp-image-1559\" srcset=\"https:\/\/www.clemontreal.org\/fr\/wp-content\/uploads\/2025\/03\/Capture-decran-2025-03-19-160657-1024x570.png 1024w, https:\/\/www.clemontreal.org\/fr\/wp-content\/uploads\/2025\/03\/Capture-decran-2025-03-19-160657-300x167.png 300w, https:\/\/www.clemontreal.org\/fr\/wp-content\/uploads\/2025\/03\/Capture-decran-2025-03-19-160657-768x428.png 768w, https:\/\/www.clemontreal.org\/fr\/wp-content\/uploads\/2025\/03\/Capture-decran-2025-03-19-160657.png 1097w\" sizes=\"auto, (max-width: 1024px) 100vw, 1024px\" \/><\/figure>\n<\/div><\/div>\n<\/div>\n<\/div><\/div>\n\n\n<style>.wp-block-kadence-spacer.kt-block-spacer-73_29e4c5-4f .kt-block-spacer{height:40px;}.wp-block-kadence-spacer.kt-block-spacer-73_29e4c5-4f .kt-divider{border-top-width:1px;height:1px;border-top-color:#eee;width:80%;border-top-style:solid;}<\/style>\n<div class=\"wp-block-kadence-spacer aligncenter kt-block-spacer-73_29e4c5-4f\"><div class=\"kt-block-spacer kt-block-spacer-halign-center\"><hr class=\"kt-divider\"\/><\/div><\/div>\n\n\n<style>.kadence-column73_255ff1-73 > .kt-inside-inner-col{border-top:40px solid transparent;border-right:40px solid transparent;border-bottom:40px solid transparent;border-left:40px solid transparent;}.kadence-column73_255ff1-73 > .kt-inside-inner-col,.kadence-column73_255ff1-73 > .kt-inside-inner-col:before{border-top-left-radius:30px;border-top-right-radius:30px;border-bottom-right-radius:30px;border-bottom-left-radius:30px;}.kadence-column73_255ff1-73 > .kt-inside-inner-col{column-gap:var(--global-kb-gap-sm, 1rem);}.kadence-column73_255ff1-73 > .kt-inside-inner-col{flex-direction:column;}.kadence-column73_255ff1-73 > .kt-inside-inner-col > .aligncenter{width:100%;}.kadence-column73_255ff1-73 > .kt-inside-inner-col{background-color:var(--nv-primary-accent);}.kadence-column73_255ff1-73 > .kt-inside-inner-col:before{opacity:0.3;}.kadence-column73_255ff1-73{position:relative;}@media all and (max-width: 1024px){.kadence-column73_255ff1-73 > .kt-inside-inner-col{border-top:40px solid transparent;border-right:40px solid transparent;border-bottom:40px solid transparent;border-left:40px solid transparent;flex-direction:column;justify-content:center;}}@media all and (max-width: 767px){.kadence-column73_255ff1-73 > .kt-inside-inner-col{border-top:40px solid transparent;border-right:40px solid transparent;border-bottom:40px solid transparent;border-left:40px solid transparent;flex-direction:column;justify-content:center;}}<\/style>\n<div class=\"wp-block-kadence-column kadence-column73_255ff1-73\"><div class=\"kt-inside-inner-col\">\n<div class=\"wp-block-columns is-layout-flex wp-container-core-columns-is-layout-9d6595d7 wp-block-columns-is-layout-flex\">\n<div class=\"wp-block-column has-medium-font-size is-layout-flow wp-block-column-is-layout-flow\" style=\"border-style:none;border-width:0px;flex-basis:100%\">\n<p class=\"has-medium-font-size\">En 2024-2025, on a travaill\u00e9 fort au CL\u00c9 pour cr\u00e9er la formation \u00abLa d\u00e9mocratie, simplement!\u00bb<br>Cette formation s&rsquo;adresse aux travailleurs et aux travailleuses des groupes communautaires.<\/p>\n\n\n\n<p class=\"has-medium-font-size\">Le but de cette formation est d&rsquo;<strong>apprendre aux groupes \u00e0 s&rsquo;adapter aux personnes peu alphab\u00e9tis\u00e9es<\/strong>.<br>On veut que ce soit plus facile pour les adultes qui ont de la difficult\u00e9 \u00e0 lire et \u00e9crire :<\/p>\n\n\n\n<ul class=\"wp-block-list\">\n<li class=\"has-medium-font-size\">D&rsquo;avoir acc\u00e8s aux services des groupes<\/li>\n\n\n\n<li class=\"has-medium-font-size\">De participer \u00e0 la vie d\u00e9mocratique.<\/li>\n<\/ul>\n\n\n\n<div class=\"wp-block-columns is-layout-flex wp-container-core-columns-is-layout-9d6595d7 wp-block-columns-is-layout-flex\">\n<div class=\"wp-block-column has-link-color wp-elements-307f26c573ab54b2e8e6cedec2f26509 is-layout-flow wp-block-column-is-layout-flow\" style=\"flex-basis:100%\">\n<h2 class=\"wp-block-heading\"><strong>Pourquoi participer ?<\/strong><\/h2>\n\n\n\n<ul class=\"wp-block-list\">\n<li class=\"has-medium-font-size\">Mieux comprendre les d\u00e9fis des personnes peu alphab\u00e9tis\u00e9es.<\/li>\n\n\n\n<li class=\"has-medium-font-size\">Acqu\u00e9rir des outils concrets pour simplifier vos communications et les rendre accessibles au plus grand nombre.<\/li>\n\n\n\n<li class=\"has-medium-font-size\">D\u00e9velopper des strat\u00e9gies pour favoriser une participation d\u00e9mocratique plus inclusive.<\/li>\n\n\n\n<li class=\"has-medium-font-size\">\u00c9changer vos exp\u00e9riences avec d\u2019autres groupes du milieu sur des enjeux importants.<\/li>\n<\/ul>\n\n\n\n<h2 class=\"wp-block-heading\">Pour recevoir la formation<\/h2>\n\n\n\n<p class=\"has-medium-font-size\">Nous offrons la formation bient\u00f4t! <\/p>\n\n\n\n<p class=\"has-neve-link-hover-color-color has-neve-link-color-background-color has-text-color has-background has-link-color has-medium-font-size wp-elements-fb6974c65a1420434ae8355d9f7ebef9\">\ud83d\udcc5 <strong>Date<\/strong> : 3 juin 2026<br>\u23f0 <strong>Horaire<\/strong> : 13h \u00e0 17h30<br>\ud83d\udccd <strong>Lieu<\/strong> : CSCM \u2013 4450, rue Saint-Hubert, Montr\u00e9al (H2J 2W9)<br>\ud83d\udcb0 <strong>Co\u00fbt<\/strong> : <strong>Gratuit !<\/strong><\/p>\n\n\n\n<div class=\"wp-block-buttons is-layout-flex wp-block-buttons-is-layout-flex\">\n<div class=\"wp-block-button\"><a class=\"wp-block-button__link has-neve-link-hover-color-color has-custom-3-background-color has-text-color has-background has-link-color wp-element-button\" href=\"https:\/\/docs.google.com\/forms\/d\/e\/1FAIpQLSfhiEHiBYKCPmq3Pa4-KSotxagdo1bMszr3x3gErKZwViAAfw\/viewform?usp=publish-editor\" style=\"border-top-left-radius:15px;border-top-right-radius:15px;border-bottom-left-radius:15px;border-bottom-right-radius:15px\">Inscription ici!<\/a><\/div>\n<\/div>\n\n\n\n<div style=\"height:20px\" aria-hidden=\"true\" class=\"wp-block-spacer\"><\/div>\n\n\n\n<p class=\"has-medium-font-size\">Pour avoir plus d&rsquo;informations ou pour vous inscrire, vous pouvez aussi \u00e9crire \u00e0 frederique@clemontreal.org ou appeler au 514-849-5473.<\/p>\n<\/div>\n<\/div>\n<\/div>\n<\/div>\n<\/div><\/div>\n\n\n<style>.wp-block-kadence-spacer.kt-block-spacer-73_7b7a2c-24 .kt-block-spacer{height:40px;}.wp-block-kadence-spacer.kt-block-spacer-73_7b7a2c-24 .kt-divider{border-top-width:1px;height:1px;border-top-color:#eee;width:80%;border-top-style:solid;}<\/style>\n<div class=\"wp-block-kadence-spacer aligncenter kt-block-spacer-73_7b7a2c-24\"><div class=\"kt-block-spacer kt-block-spacer-halign-center\"><hr class=\"kt-divider\"\/><\/div><\/div>\n\n\n<style>.kadence-column73_2227e9-c2 > .kt-inside-inner-col{border-top:39px solid transparent;border-right:39px solid transparent;border-bottom:39px solid transparent;border-left:39px solid transparent;}.kadence-column73_2227e9-c2 > .kt-inside-inner-col,.kadence-column73_2227e9-c2 > .kt-inside-inner-col:before{border-top-left-radius:30px;border-top-right-radius:30px;border-bottom-right-radius:30px;border-bottom-left-radius:30px;}.kadence-column73_2227e9-c2 > .kt-inside-inner-col{column-gap:var(--global-kb-gap-sm, 1rem);}.kadence-column73_2227e9-c2 > .kt-inside-inner-col{flex-direction:column;}.kadence-column73_2227e9-c2 > .kt-inside-inner-col > .aligncenter{width:100%;}.kadence-column73_2227e9-c2 > .kt-inside-inner-col{background-color:var(--nv-light-bg);}.kadence-column73_2227e9-c2 > .kt-inside-inner-col:before{opacity:0.3;}.kadence-column73_2227e9-c2{position:relative;}@media all and (max-width: 1024px){.kadence-column73_2227e9-c2 > .kt-inside-inner-col{border-top:39px solid transparent;border-right:39px solid transparent;border-bottom:39px solid transparent;border-left:39px solid transparent;flex-direction:column;justify-content:center;}}@media all and (max-width: 767px){.kadence-column73_2227e9-c2 > .kt-inside-inner-col{border-top:39px solid transparent;border-right:39px solid transparent;border-bottom:39px solid transparent;border-left:39px solid transparent;flex-direction:column;justify-content:center;}}<\/style>\n<div class=\"wp-block-kadence-column kadence-column73_2227e9-c2\"><div class=\"kt-inside-inner-col\">\n<div class=\"wp-block-columns is-layout-flex wp-container-core-columns-is-layout-9d6595d7 wp-block-columns-is-layout-flex\">\n<div class=\"wp-block-column is-layout-flow wp-block-column-is-layout-flow\" style=\"flex-basis:50%\">\n<h2 class=\"wp-block-heading\"><strong>La bo\u00eete \u00e0 id\u00e9es<\/strong><\/h2>\n\n\n<div class=\"wp-block-image\">\n<figure class=\"aligncenter size-full\"><img loading=\"lazy\" decoding=\"async\" width=\"387\" height=\"500\" src=\"https:\/\/www.clemontreal.org\/fr\/wp-content\/uploads\/2025\/05\/couverture_bte_idees_2.png\" alt=\"page couverture de la boi\u00eete \u00e0 id\u00e9es La d\u00e9mocratie simplement, pour favoriser la participation d\u00e9mocratique des personnes peu alphab\u00e9tis\u00e9es\" class=\"wp-image-1611\" srcset=\"https:\/\/www.clemontreal.org\/fr\/wp-content\/uploads\/2025\/05\/couverture_bte_idees_2.png 387w, https:\/\/www.clemontreal.org\/fr\/wp-content\/uploads\/2025\/05\/couverture_bte_idees_2-232x300.png 232w\" sizes=\"auto, (max-width: 387px) 100vw, 387px\" \/><\/figure>\n<\/div><\/div>\n\n\n\n<div class=\"wp-block-column is-layout-flow wp-block-column-is-layout-flow\" style=\"flex-basis:50%\">\n<div style=\"height:130px\" aria-hidden=\"true\" class=\"wp-block-spacer\"><\/div>\n\n\n\n<p class=\"has-medium-font-size\">Cette bo\u00eete \u00e0 id\u00e9es propose des pistes simples et des outils concrets pour rendre les organismes communautaires plus accessibles, encourager la participation et renforcer le pouvoir d\u2019agir de toutes et tous, peu importe leur niveau de lecture ou d\u2019\u00e9criture.<\/p>\n\n\n\n<p class=\"has-medium-font-size\">Si vous voulez la version papier, \u00e9crivez \u00e0 ecriture@clemontreal.org. <\/p>\n\n\n\n<div class=\"wp-block-buttons is-content-justification-center is-layout-flex wp-container-core-buttons-is-layout-16018d1d wp-block-buttons-is-layout-flex\">\n<div class=\"wp-block-button has-custom-width wp-block-button__width-75\"><a class=\"wp-block-button__link has-neve-link-hover-color-color has-custom-3-background-color has-text-color has-background has-link-color has-large-font-size has-custom-font-size wp-element-button\" href=\"https:\/\/www.clemontreal.org\/fr\/wp-content\/uploads\/2026\/01\/Democratie-simplement_Boite-a-idee_comprime.pdf\" target=\"_blank\" rel=\"noreferrer noopener\">T\u00e9l\u00e9charger le PDF<\/a><\/div>\n<\/div>\n<\/div>\n<\/div>\n<\/div><\/div>\n\n\n<style>.wp-block-kadence-spacer.kt-block-spacer-73_51704d-65 .kt-block-spacer{height:40px;}.wp-block-kadence-spacer.kt-block-spacer-73_51704d-65 .kt-divider{border-top-width:1px;height:1px;border-top-color:#eee;width:80%;border-top-style:solid;}<\/style>\n<div class=\"wp-block-kadence-spacer aligncenter kt-block-spacer-73_51704d-65\"><div class=\"kt-block-spacer kt-block-spacer-halign-center\"><hr class=\"kt-divider\"\/><\/div><\/div>\n\n\n<style>.kadence-column73_f3b0c3-13 > .kt-inside-inner-col{border-top:39px solid transparent;border-right:39px solid transparent;border-bottom:39px solid transparent;border-left:39px solid transparent;}.kadence-column73_f3b0c3-13 > .kt-inside-inner-col,.kadence-column73_f3b0c3-13 > .kt-inside-inner-col:before{border-top-left-radius:30px;border-top-right-radius:30px;border-bottom-right-radius:30px;border-bottom-left-radius:30px;}.kadence-column73_f3b0c3-13 > .kt-inside-inner-col{column-gap:var(--global-kb-gap-sm, 1rem);}.kadence-column73_f3b0c3-13 > .kt-inside-inner-col{flex-direction:column;}.kadence-column73_f3b0c3-13 > .kt-inside-inner-col > .aligncenter{width:100%;}.kadence-column73_f3b0c3-13 > .kt-inside-inner-col{background-color:var(--nv-primary-accent);}.kadence-column73_f3b0c3-13 > .kt-inside-inner-col:before{opacity:0.3;}.kadence-column73_f3b0c3-13{position:relative;}@media all and (max-width: 1024px){.kadence-column73_f3b0c3-13 > .kt-inside-inner-col{border-top:39px solid transparent;border-right:39px solid transparent;border-bottom:39px solid transparent;border-left:39px solid transparent;flex-direction:column;justify-content:center;}}@media all and (max-width: 767px){.kadence-column73_f3b0c3-13 > .kt-inside-inner-col{border-top:39px solid transparent;border-right:39px solid transparent;border-bottom:39px solid transparent;border-left:39px solid transparent;flex-direction:column;justify-content:center;}}<\/style>\n<div class=\"wp-block-kadence-column kadence-column73_f3b0c3-13\"><div class=\"kt-inside-inner-col\">\n<div class=\"wp-block-columns is-layout-flex wp-container-core-columns-is-layout-9d6595d7 wp-block-columns-is-layout-flex\">\n<div class=\"wp-block-column is-layout-flow wp-block-column-is-layout-flow\" style=\"flex-basis:50%\">\n<h2 class=\"wp-block-heading\"><strong>Le film<\/strong><\/h2>\n\n\n\n<p class=\"has-medium-font-size\" style=\"padding-right:var(--wp--preset--spacing--30);padding-left:var(--wp--preset--spacing--30)\">En compl\u00e9ment de la formation, nous avons cr\u00e9\u00e9 le film <em>La d\u00e9mocratie, simplement!<\/em>.<\/p>\n\n\n\n<p class=\"has-medium-font-size\" style=\"padding-right:var(--wp--preset--spacing--30);padding-left:var(--wp--preset--spacing--30)\">Ce film donne la parole \u00e0 des personnes peu alphab\u00e9tis\u00e9es impliqu\u00e9es dans les comit\u00e9s et conseils d\u2019administration d\u2019une dizaine d\u2019organismes de la r\u00e9gion. Il met en valeur leur exp\u00e9rience et leur apport important \u00e0 la vie d\u00e9mocratique de leur organisme.<\/p>\n<\/div>\n\n\n\n<div class=\"wp-block-column is-layout-flow wp-block-column-is-layout-flow\" style=\"flex-basis:50%\">\n<div style=\"height:40px\" aria-hidden=\"true\" class=\"wp-block-spacer\"><\/div>\n\n\n\n<figure class=\"wp-block-embed is-type-video is-provider-youtube wp-block-embed-youtube wp-embed-aspect-16-9 wp-has-aspect-ratio\"><div class=\"wp-block-embed__wrapper\">\n<div class=\"nv-iframe-embed\"><iframe loading=\"lazy\" title=\"La d\u00e9mocratie, simplement! - le film\" width=\"1200\" height=\"675\" src=\"https:\/\/www.youtube.com\/embed\/f_CKYGB7uNE?feature=oembed\" frameborder=\"0\" allow=\"accelerometer; autoplay; clipboard-write; encrypted-media; gyroscope; picture-in-picture; web-share\" referrerpolicy=\"strict-origin-when-cross-origin\" allowfullscreen><\/iframe><\/div>\n<\/div><\/figure>\n<\/div>\n<\/div>\n<\/div><\/div>\n\n\n<style>.wp-block-kadence-spacer.kt-block-spacer-73_f44656-5d .kt-block-spacer{height:60px;}.wp-block-kadence-spacer.kt-block-spacer-73_f44656-5d .kt-divider{border-top-width:1px;height:1px;border-top-color:#eee;width:80%;border-top-style:solid;}<\/style>\n<div class=\"wp-block-kadence-spacer aligncenter kt-block-spacer-73_f44656-5d\"><div class=\"kt-block-spacer kt-block-spacer-halign-center\"><hr class=\"kt-divider\"\/><\/div><\/div>\n\n\n<style>.kadence-column73_8de98a-18 > .kt-inside-inner-col{border-top:39px solid transparent;border-right:39px solid transparent;border-bottom:39px solid transparent;border-left:39px solid transparent;}.kadence-column73_8de98a-18 > .kt-inside-inner-col,.kadence-column73_8de98a-18 > .kt-inside-inner-col:before{border-top-left-radius:30px;border-top-right-radius:30px;border-bottom-right-radius:30px;border-bottom-left-radius:30px;}.kadence-column73_8de98a-18 > .kt-inside-inner-col{column-gap:var(--global-kb-gap-sm, 1rem);}.kadence-column73_8de98a-18 > .kt-inside-inner-col{flex-direction:column;}.kadence-column73_8de98a-18 > .kt-inside-inner-col > .aligncenter{width:100%;}.kadence-column73_8de98a-18 > .kt-inside-inner-col{background-color:var(--nv-light-bg);}.kadence-column73_8de98a-18 > .kt-inside-inner-col:before{opacity:0.3;}.kadence-column73_8de98a-18{position:relative;}@media all and (max-width: 1024px){.kadence-column73_8de98a-18 > .kt-inside-inner-col{border-top:39px solid transparent;border-right:39px solid transparent;border-bottom:39px solid transparent;border-left:39px solid transparent;flex-direction:column;justify-content:center;}}@media all and (max-width: 767px){.kadence-column73_8de98a-18 > .kt-inside-inner-col{border-top:39px solid transparent;border-right:39px solid transparent;border-bottom:39px solid transparent;border-left:39px solid transparent;flex-direction:column;justify-content:center;}}<\/style>\n<div class=\"wp-block-kadence-column kadence-column73_8de98a-18\"><div class=\"kt-inside-inner-col\">\n<div class=\"wp-block-columns is-layout-flex wp-container-core-columns-is-layout-9d6595d7 wp-block-columns-is-layout-flex\">\n<div class=\"wp-block-column is-layout-flow wp-block-column-is-layout-flow\">\n<h2 class=\"wp-block-heading\"><strong>Trousse t\u00e9l\u00e9chargeable<\/strong><\/h2>\n\n\n\n<p class=\"has-medium-font-size\">Nous avons cr\u00e9\u00e9 et recens\u00e9 plusieurs outils utiles pour faciliter l&rsquo;accueil et la participation des personnes peu alphab\u00e9tis\u00e9es dans les groupes communautaires. <\/p>\n\n\n\n<div class=\"wp-block-columns is-layout-flex wp-container-core-columns-is-layout-9d6595d7 wp-block-columns-is-layout-flex\">\n<div class=\"wp-block-column is-layout-flow wp-block-column-is-layout-flow\">\n<div class=\"wp-block-buttons is-content-justification-center is-layout-flex wp-container-core-buttons-is-layout-16018d1d wp-block-buttons-is-layout-flex\">\n<div class=\"wp-block-button has-custom-width wp-block-button__width-75\"><a class=\"wp-block-button__link has-neve-link-hover-color-color has-custom-3-background-color has-text-color has-background has-link-color has-large-font-size has-custom-font-size wp-element-button\" href=\"https:\/\/www.clemontreal.org\/fr\/index.php\/outils-du-cle\/\" target=\"_blank\" rel=\"noreferrer noopener\">Outils du CL\u00c9<\/a><\/div>\n<\/div>\n<\/div>\n\n\n\n<div class=\"wp-block-column is-layout-flow wp-block-column-is-layout-flow\">\n<div class=\"wp-block-buttons is-content-justification-center is-layout-flex wp-container-core-buttons-is-layout-16018d1d wp-block-buttons-is-layout-flex\">\n<div class=\"wp-block-button has-custom-width wp-block-button__width-75\"><a class=\"wp-block-button__link has-neve-link-hover-color-color has-custom-3-background-color has-text-color has-background has-link-color has-large-font-size has-custom-font-size wp-element-button\" href=\"https:\/\/www.clemontreal.org\/fr\/index.php\/autres-outils\/\" target=\"_blank\" rel=\"noreferrer noopener\">Autres outils<\/a><\/div>\n<\/div>\n<\/div>\n<\/div>\n<\/div>\n<\/div>\n<\/div><\/div>\n\n\n<style>.wp-block-kadence-spacer.kt-block-spacer-73_1e9a75-0d .kt-block-spacer{height:40px;}.wp-block-kadence-spacer.kt-block-spacer-73_1e9a75-0d .kt-divider{border-top-width:1px;height:1px;border-top-color:#eee;width:80%;border-top-style:solid;}<\/style>\n<div class=\"wp-block-kadence-spacer aligncenter kt-block-spacer-73_1e9a75-0d\"><div class=\"kt-block-spacer kt-block-spacer-halign-center\"><hr class=\"kt-divider\"\/><\/div><\/div>\n\n\n\n<p class=\"has-medium-font-size\"><\/p>\n\n\n\n<p><\/p>\n","protected":false},"excerpt":{"rendered":"<p>En 2024-2025, on a travaill\u00e9 fort au CL\u00c9 pour cr\u00e9er la formation \u00abLa d\u00e9mocratie, simplement!\u00bbCette formation s&rsquo;adresse aux travailleurs et aux travailleuses des groupes communautaires. Le but de cette formation est d&rsquo;apprendre aux groupes \u00e0 s&rsquo;adapter aux personnes peu alphab\u00e9tis\u00e9es.On veut que ce soit plus facile pour les adultes qui ont de la difficult\u00e9 \u00e0&hellip;&nbsp;<a href=\"https:\/\/www.clemontreal.org\/fr\/index.php\/formation\/\" rel=\"bookmark\">Lire la suite &raquo;<span class=\"screen-reader-text\">Formation<\/span><\/a><\/p>\n","protected":false},"author":1,"featured_media":228,"parent":0,"menu_order":0,"comment_status":"closed","ping_status":"closed","template":"","meta":{"inline_featured_image":false,"neve_meta_sidebar":"","neve_meta_container":"","neve_meta_enable_content_width":"","neve_meta_content_width":0,"neve_meta_title_alignment":"","neve_meta_author_avatar":"","neve_post_elements_order":"","neve_meta_disable_header":"","neve_meta_disable_footer":"","neve_meta_disable_title":"","footnotes":""},"class_list":["post-73","page","type-page","status-publish","has-post-thumbnail","hentry"],"_links":{"self":[{"href":"https:\/\/www.clemontreal.org\/fr\/index.php\/wp-json\/wp\/v2\/pages\/73","targetHints":{"allow":["GET"]}}],"collection":[{"href":"https:\/\/www.clemontreal.org\/fr\/index.php\/wp-json\/wp\/v2\/pages"}],"about":[{"href":"https:\/\/www.clemontreal.org\/fr\/index.php\/wp-json\/wp\/v2\/types\/page"}],"author":[{"embeddable":true,"href":"https:\/\/www.clemontreal.org\/fr\/index.php\/wp-json\/wp\/v2\/users\/1"}],"replies":[{"embeddable":true,"href":"https:\/\/www.clemontreal.org\/fr\/index.php\/wp-json\/wp\/v2\/comments?post=73"}],"version-history":[{"count":39,"href":"https:\/\/www.clemontreal.org\/fr\/index.php\/wp-json\/wp\/v2\/pages\/73\/revisions"}],"predecessor-version":[{"id":1674,"href":"https:\/\/www.clemontreal.org\/fr\/index.php\/wp-json\/wp\/v2\/pages\/73\/revisions\/1674"}],"wp:featuredmedia":[{"embeddable":true,"href":"https:\/\/www.clemontreal.org\/fr\/index.php\/wp-json\/wp\/v2\/media\/228"}],"wp:attachment":[{"href":"https:\/\/www.clemontreal.org\/fr\/index.php\/wp-json\/wp\/v2\/media?parent=73"}],"curies":[{"name":"wp","href":"https:\/\/api.w.org\/{rel}","templated":true}]}}