{"id":1563,"date":"2025-05-21T17:17:13","date_gmt":"2025-05-21T17:17:13","guid":{"rendered":"https:\/\/www.clemontreal.org\/fr\/?page_id=1563"},"modified":"2026-01-28T16:55:20","modified_gmt":"2026-01-28T16:55:20","slug":"outils-du-cle","status":"publish","type":"page","link":"https:\/\/www.clemontreal.org\/fr\/index.php\/outils-du-cle\/","title":{"rendered":"Outils du CL\u00c9"},"content":{"rendered":"\n<p><\/p>\n\n\n<style>.kadence-column1563_17fe5a-8f > .kt-inside-inner-col{border-top:30px solid transparent;border-right:30px solid transparent;border-bottom:30px solid transparent;border-left:30px solid transparent;}.kadence-column1563_17fe5a-8f > .kt-inside-inner-col,.kadence-column1563_17fe5a-8f > .kt-inside-inner-col:before{border-top-left-radius:30px;border-top-right-radius:30px;border-bottom-right-radius:30px;border-bottom-left-radius:30px;}.kadence-column1563_17fe5a-8f > .kt-inside-inner-col{column-gap:var(--global-kb-gap-sm, 1rem);}.kadence-column1563_17fe5a-8f > .kt-inside-inner-col{flex-direction:column;}.kadence-column1563_17fe5a-8f > .kt-inside-inner-col > .aligncenter{width:100%;}.kadence-column1563_17fe5a-8f > .kt-inside-inner-col{background-color:var(--nv-primary-accent);}.kadence-column1563_17fe5a-8f > .kt-inside-inner-col:before{opacity:0.3;}.kadence-column1563_17fe5a-8f{position:relative;}@media all and (max-width: 1024px){.kadence-column1563_17fe5a-8f > .kt-inside-inner-col{border-top:30px solid transparent;border-right:30px solid transparent;border-bottom:30px solid transparent;border-left:30px solid transparent;flex-direction:column;justify-content:center;}}@media all and (max-width: 767px){.kadence-column1563_17fe5a-8f > .kt-inside-inner-col{border-top:30px solid transparent;border-right:30px solid transparent;border-bottom:30px solid transparent;border-left:30px solid transparent;flex-direction:column;justify-content:center;}}<\/style>\n<div class=\"wp-block-kadence-column kadence-column1563_17fe5a-8f\"><div class=\"kt-inside-inner-col\">\n<div class=\"wp-block-columns is-layout-flex wp-container-core-columns-is-layout-9d6595d7 wp-block-columns-is-layout-flex\">\n<div class=\"wp-block-column is-layout-flow wp-block-column-is-layout-flow\">\n<h2 class=\"wp-block-heading\">Bo\u00eete \u00e0 id\u00e9es<\/h2>\n\n\n\n<p class=\"has-medium-font-size\">La bo\u00eete \u00e0 id\u00e9es a \u00e9t\u00e9 con\u00e7ue en compl\u00e9ment de la formation <em>La d\u00e9mocratie, simplement<\/em>. Elle s&rsquo;adresse aux \u00e9quipes de travail des groupes communautaires. Elle propose des pistes de r\u00e9flexion et des outils concrets afin d\u2019am\u00e9liorer: <\/p>\n\n\n\n<ul class=\"wp-block-list\">\n<li class=\"has-medium-font-size\">l\u2019accueil des membres peu alphab\u00e9tis\u00e9es,<\/li>\n\n\n\n<li class=\"has-medium-font-size\">leur prise de parole, <\/li>\n\n\n\n<li class=\"has-medium-font-size\">leur capacit\u00e9 d\u2019action,<\/li>\n\n\n\n<li class=\"has-medium-font-size\">leur pouvoir de d\u00e9cision dans les groupes.<\/li>\n<\/ul>\n<\/div>\n\n\n\n<div class=\"wp-block-column is-layout-flow wp-block-column-is-layout-flow\">\n<div style=\"height:40px\" aria-hidden=\"true\" class=\"wp-block-spacer\"><\/div>\n\n\n<div class=\"wp-block-image is-style-default\">\n<figure class=\"aligncenter size-medium has-custom-border\"><img loading=\"lazy\" decoding=\"async\" width=\"232\" height=\"300\" src=\"https:\/\/www.clemontreal.org\/fr\/wp-content\/uploads\/2025\/05\/couverture_bte_idees_2-232x300.png\" alt=\"page couverture de la boi\u00eete \u00e0 id\u00e9es La d\u00e9mocratie simplement, pour favoriser la participation d\u00e9mocratique des personnes peu alphab\u00e9tis\u00e9es\" class=\"wp-image-1611\" style=\"border-style:none;border-width:0px;border-radius:0px\" srcset=\"https:\/\/www.clemontreal.org\/fr\/wp-content\/uploads\/2025\/05\/couverture_bte_idees_2-232x300.png 232w, https:\/\/www.clemontreal.org\/fr\/wp-content\/uploads\/2025\/05\/couverture_bte_idees_2.png 387w\" sizes=\"auto, (max-width: 232px) 100vw, 232px\" \/><\/figure>\n<\/div>\n\n\n<div style=\"height:20px\" aria-hidden=\"true\" class=\"wp-block-spacer\"><\/div>\n\n\n\n<div class=\"wp-block-buttons is-content-justification-center is-layout-flex wp-container-core-buttons-is-layout-16018d1d wp-block-buttons-is-layout-flex\">\n<div class=\"wp-block-button has-custom-width wp-block-button__width-75 has-custom-font-size is-style-primary has-medium-font-size\"><a class=\"wp-block-button__link has-nv-site-bg-color has-custom-3-background-color has-text-color has-background has-link-color wp-element-button\" href=\"https:\/\/www.clemontreal.org\/fr\/wp-content\/uploads\/2026\/01\/Democratie-simplement_Boite-a-idee_comprime.pdf\" style=\"padding-top:var(--wp--preset--spacing--20);padding-right:0;padding-bottom:var(--wp--preset--spacing--20);padding-left:0\" target=\"_blank\" rel=\"noreferrer noopener\">T\u00e9l\u00e9charger la bo\u00eete \u00e0 id\u00e9es<\/a><\/div>\n<\/div>\n\n\n\n<div style=\"height:10px\" aria-hidden=\"true\" class=\"wp-block-spacer\"><\/div>\n<\/div>\n<\/div>\n<\/div><\/div>\n\n\n<style>.wp-block-kadence-spacer.kt-block-spacer-1563_babe56-56 .kt-block-spacer{height:40px;}.wp-block-kadence-spacer.kt-block-spacer-1563_babe56-56 .kt-divider{border-top-width:1px;height:1px;border-top-color:#eee;width:80%;border-top-style:solid;}<\/style>\n<div class=\"wp-block-kadence-spacer aligncenter kt-block-spacer-1563_babe56-56\"><div class=\"kt-block-spacer kt-block-spacer-halign-center\"><hr class=\"kt-divider\"\/><\/div><\/div>\n\n\n<style>.kadence-column1563_cfca33-8c > .kt-inside-inner-col{border-top:30px solid transparent;border-right:30px solid transparent;border-bottom:30px solid transparent;border-left:30px solid transparent;}.kadence-column1563_cfca33-8c > .kt-inside-inner-col,.kadence-column1563_cfca33-8c > .kt-inside-inner-col:before{border-top-left-radius:30px;border-top-right-radius:30px;border-bottom-right-radius:30px;border-bottom-left-radius:30px;}.kadence-column1563_cfca33-8c > .kt-inside-inner-col{column-gap:var(--global-kb-gap-sm, 1rem);}.kadence-column1563_cfca33-8c > .kt-inside-inner-col{flex-direction:column;}.kadence-column1563_cfca33-8c > .kt-inside-inner-col > .aligncenter{width:100%;}.kadence-column1563_cfca33-8c > .kt-inside-inner-col{background-color:var(--nv-light-bg);}.kadence-column1563_cfca33-8c > .kt-inside-inner-col:before{opacity:0.3;}.kadence-column1563_cfca33-8c{position:relative;}@media all and (max-width: 1024px){.kadence-column1563_cfca33-8c > .kt-inside-inner-col{border-top:30px solid transparent;border-right:30px solid transparent;border-bottom:30px solid transparent;border-left:30px solid transparent;flex-direction:column;justify-content:center;}}@media all and (max-width: 767px){.kadence-column1563_cfca33-8c > .kt-inside-inner-col{border-top:30px solid transparent;border-right:30px solid transparent;border-bottom:30px solid transparent;border-left:30px solid transparent;flex-direction:column;justify-content:center;}}<\/style>\n<div class=\"wp-block-kadence-column kadence-column1563_cfca33-8c\"><div class=\"kt-inside-inner-col\">\n<div class=\"wp-block-columns is-layout-flex wp-container-core-columns-is-layout-9d6595d7 wp-block-columns-is-layout-flex\">\n<div class=\"wp-block-column is-layout-flow wp-block-column-is-layout-flow\" style=\"flex-basis:100%\">\n<h2 class=\"wp-block-heading\"><strong>Pr\u00e9sentations pour AGA<\/strong><\/h2>\n\n\n\n<p class=\"has-medium-font-size\">L&rsquo;\u00e9quipe du CL\u00c9 a con\u00e7u des pr\u00e9sentations pour faciliter le d\u00e9roulement des assembl\u00e9es g\u00e9n\u00e9rales annuelles et la pr\u00e9paration des membres \u00e0 cet instance. Vous pouvez t\u00e9l\u00e9charger les pr\u00e9sentations et les personnaliser.<\/p>\n\n\n\n<div class=\"wp-block-columns is-layout-flex wp-container-core-columns-is-layout-9d6595d7 wp-block-columns-is-layout-flex\">\n<div class=\"wp-block-column is-layout-flow wp-block-column-is-layout-flow\"><style>.wp-block-kadence-spacer.kt-block-spacer-1563_d4a748-3f .kt-block-spacer{height:40px;}.wp-block-kadence-spacer.kt-block-spacer-1563_d4a748-3f .kt-divider{border-top-width:1px;height:1px;border-top-color:#eee;width:80%;border-top-style:solid;}<\/style>\n<div class=\"wp-block-kadence-spacer aligncenter kt-block-spacer-1563_d4a748-3f\"><div class=\"kt-block-spacer kt-block-spacer-halign-center\"><hr class=\"kt-divider\"\/><\/div><\/div>\n\n\n\n<h3 class=\"wp-block-heading has-text-align-center\">C&rsquo;est quoi une AGA?<\/h3>\n\n\n\n<figure class=\"wp-block-image size-full\"><img loading=\"lazy\" decoding=\"async\" width=\"500\" height=\"281\" src=\"https:\/\/www.clemontreal.org\/fr\/wp-content\/uploads\/2025\/05\/08_prep-AGA.png\" alt=\"diapositive de la pr\u00e9sentation sur l'assembl\u00e9e g\u00e9n\u00e9rale\" class=\"wp-image-1591\" srcset=\"https:\/\/www.clemontreal.org\/fr\/wp-content\/uploads\/2025\/05\/08_prep-AGA.png 500w, https:\/\/www.clemontreal.org\/fr\/wp-content\/uploads\/2025\/05\/08_prep-AGA-300x169.png 300w\" sizes=\"auto, (max-width: 500px) 100vw, 500px\" \/><\/figure>\n\n\n\n<div style=\"height:20px\" aria-hidden=\"true\" class=\"wp-block-spacer\"><\/div>\n\n\n\n<div class=\"wp-block-buttons is-content-justification-center is-layout-flex wp-container-core-buttons-is-layout-16018d1d wp-block-buttons-is-layout-flex\">\n<div class=\"wp-block-button has-custom-width wp-block-button__width-75 has-custom-font-size is-style-primary has-medium-font-size\"><a class=\"wp-block-button__link has-nv-site-bg-color has-custom-3-background-color has-text-color has-background has-link-color wp-element-button\" href=\"https:\/\/docs.google.com\/presentation\/d\/17yuYvWu7YKBUn1AfoboF-HoNwE0xLtdS\/edit?usp=sharing&amp;ouid=104143574477800934789&amp;rtpof=true&amp;sd=true\" style=\"padding-top:var(--wp--preset--spacing--20);padding-right:0;padding-bottom:var(--wp--preset--spacing--20);padding-left:0\" target=\"_blank\" rel=\"noreferrer noopener\">Ouvrir la diapo<\/a><\/div>\n<\/div>\n<\/div>\n\n\n\n<div class=\"wp-block-column is-layout-flow wp-block-column-is-layout-flow\"><style>.wp-block-kadence-spacer.kt-block-spacer-1563_f0f4c7-5b .kt-block-spacer{height:40px;}.wp-block-kadence-spacer.kt-block-spacer-1563_f0f4c7-5b .kt-divider{border-top-width:1px;height:1px;border-top-color:#eee;width:80%;border-top-style:solid;}<\/style>\n<div class=\"wp-block-kadence-spacer aligncenter kt-block-spacer-1563_f0f4c7-5b\"><div class=\"kt-block-spacer kt-block-spacer-halign-center\"><hr class=\"kt-divider\"\/><\/div><\/div>\n\n\n\n<h3 class=\"wp-block-heading has-text-align-center\">La prise de d\u00e9cision en AGA<\/h3>\n\n\n\n<figure class=\"wp-block-image size-full\"><img loading=\"lazy\" decoding=\"async\" width=\"500\" height=\"281\" src=\"https:\/\/www.clemontreal.org\/fr\/wp-content\/uploads\/2025\/05\/15_decision.png\" alt=\"diapositive de la pr\u00e9sentation sur la prise de d\u00e9cisions en assembl\u00e9e g\u00e9n\u00e9rale\" class=\"wp-image-1593\" srcset=\"https:\/\/www.clemontreal.org\/fr\/wp-content\/uploads\/2025\/05\/15_decision.png 500w, https:\/\/www.clemontreal.org\/fr\/wp-content\/uploads\/2025\/05\/15_decision-300x169.png 300w\" sizes=\"auto, (max-width: 500px) 100vw, 500px\" \/><\/figure>\n\n\n\n<div style=\"height:20px\" aria-hidden=\"true\" class=\"wp-block-spacer\"><\/div>\n\n\n\n<div class=\"wp-block-buttons is-content-justification-center is-layout-flex wp-container-core-buttons-is-layout-16018d1d wp-block-buttons-is-layout-flex\">\n<div class=\"wp-block-button has-custom-width wp-block-button__width-75 has-custom-font-size is-style-primary has-medium-font-size\"><a class=\"wp-block-button__link has-nv-site-bg-color has-custom-3-background-color has-text-color has-background has-link-color wp-element-button\" href=\"https:\/\/docs.google.com\/presentation\/d\/14b72hMUIgSqRrv7ZTh0R5TQbm48naB8L\/edit?usp=sharing&amp;ouid=104143574477800934789&amp;rtpof=true&amp;sd=true\" style=\"padding-top:var(--wp--preset--spacing--20);padding-right:0;padding-bottom:var(--wp--preset--spacing--20);padding-left:0\" target=\"_blank\" rel=\"noreferrer noopener\">Ouvrir la diapo<\/a><\/div>\n<\/div>\n<\/div>\n\n\n\n<div class=\"wp-block-column is-layout-flow wp-block-column-is-layout-flow\"><style>.wp-block-kadence-spacer.kt-block-spacer-1563_674d84-48 .kt-block-spacer{height:40px;}.wp-block-kadence-spacer.kt-block-spacer-1563_674d84-48 .kt-divider{border-top-width:1px;height:1px;border-top-color:#eee;width:80%;border-top-style:solid;}<\/style>\n<div class=\"wp-block-kadence-spacer aligncenter kt-block-spacer-1563_674d84-48\"><div class=\"kt-block-spacer kt-block-spacer-halign-center\"><hr class=\"kt-divider\"\/><\/div><\/div>\n\n\n\n<h3 class=\"wp-block-heading has-text-align-center\">Les \u00e9tats financiers<\/h3>\n\n\n\n<figure class=\"wp-block-image size-full\"><img loading=\"lazy\" decoding=\"async\" width=\"500\" height=\"279\" src=\"https:\/\/www.clemontreal.org\/fr\/wp-content\/uploads\/2025\/05\/12_etat-financier.png\" alt=\"diapositive de la pr\u00e9sentation sur les \u00e9tats financiers\" class=\"wp-image-1592\" srcset=\"https:\/\/www.clemontreal.org\/fr\/wp-content\/uploads\/2025\/05\/12_etat-financier.png 500w, https:\/\/www.clemontreal.org\/fr\/wp-content\/uploads\/2025\/05\/12_etat-financier-300x167.png 300w\" sizes=\"auto, (max-width: 500px) 100vw, 500px\" \/><\/figure>\n\n\n\n<div style=\"height:20px\" aria-hidden=\"true\" class=\"wp-block-spacer\"><\/div>\n\n\n\n<div class=\"wp-block-buttons is-content-justification-center is-layout-flex wp-container-core-buttons-is-layout-16018d1d wp-block-buttons-is-layout-flex\">\n<div class=\"wp-block-button has-custom-width wp-block-button__width-75 has-custom-font-size is-style-primary has-medium-font-size\"><a class=\"wp-block-button__link has-nv-site-bg-color has-custom-3-background-color has-text-color has-background has-link-color wp-element-button\" href=\"https:\/\/docs.google.com\/presentation\/d\/1EUUbmoz4o-HNqGk3tdX35R8mMUrd-VPj\/edit?usp=sharing&amp;ouid=104143574477800934789&amp;rtpof=true&amp;sd=true\" style=\"padding-top:var(--wp--preset--spacing--20);padding-right:0;padding-bottom:var(--wp--preset--spacing--20);padding-left:0\" target=\"_blank\" rel=\"noreferrer noopener\">Ouvrir la diapo<\/a><\/div>\n<\/div>\n<\/div>\n<\/div>\n<\/div>\n<\/div>\n<\/div><\/div>\n\n\n<style>.wp-block-kadence-spacer.kt-block-spacer-1563_8d24c7-24 .kt-block-spacer{height:40px;}.wp-block-kadence-spacer.kt-block-spacer-1563_8d24c7-24 .kt-divider{border-top-width:1px;height:1px;border-top-color:#eee;width:80%;border-top-style:solid;}<\/style>\n<div class=\"wp-block-kadence-spacer aligncenter kt-block-spacer-1563_8d24c7-24\"><div class=\"kt-block-spacer kt-block-spacer-halign-center\"><hr class=\"kt-divider\"\/><\/div><\/div>\n\n\n<style>.kadence-column1563_0bc228-81 > .kt-inside-inner-col{border-top:30px solid transparent;border-right:30px solid transparent;border-bottom:30px solid transparent;border-left:30px solid transparent;}.kadence-column1563_0bc228-81 > .kt-inside-inner-col,.kadence-column1563_0bc228-81 > .kt-inside-inner-col:before{border-top-left-radius:30px;border-top-right-radius:30px;border-bottom-right-radius:30px;border-bottom-left-radius:30px;}.kadence-column1563_0bc228-81 > .kt-inside-inner-col{column-gap:var(--global-kb-gap-sm, 1rem);}.kadence-column1563_0bc228-81 > .kt-inside-inner-col{flex-direction:column;}.kadence-column1563_0bc228-81 > .kt-inside-inner-col > .aligncenter{width:100%;}.kadence-column1563_0bc228-81 > .kt-inside-inner-col{background-color:var(--nv-primary-accent);}.kadence-column1563_0bc228-81 > .kt-inside-inner-col:before{opacity:0.3;}.kadence-column1563_0bc228-81{position:relative;}@media all and (max-width: 1024px){.kadence-column1563_0bc228-81 > .kt-inside-inner-col{border-top:30px solid transparent;border-right:30px solid transparent;border-bottom:30px solid transparent;border-left:30px solid transparent;flex-direction:column;justify-content:center;}}@media all and (max-width: 767px){.kadence-column1563_0bc228-81 > .kt-inside-inner-col{border-top:30px solid transparent;border-right:30px solid transparent;border-bottom:30px solid transparent;border-left:30px solid transparent;flex-direction:column;justify-content:center;}}<\/style>\n<div class=\"wp-block-kadence-column kadence-column1563_0bc228-81\"><div class=\"kt-inside-inner-col\">\n<div class=\"wp-block-columns is-layout-flex wp-container-core-columns-is-layout-9d6595d7 wp-block-columns-is-layout-flex\">\n<div class=\"wp-block-column is-layout-flow wp-block-column-is-layout-flow\">\n<h2 class=\"wp-block-heading\">Petit dictionnaire d\u00e9mocratique<\/h2>\n\n\n\n<p class=\"has-medium-font-size\">On emploie parfois un vocabulaire tr\u00e8s proc\u00e9dural lors des rencontres de comit\u00e9, conseils d&rsquo;administration ou assembl\u00e9es g\u00e9n\u00e9rales. Ces mots peuvent cr\u00e9er des barri\u00e8res \u00e0 l&rsquo;inclusion des personnes peu alphab\u00e9tis\u00e9es. Ce petit dictionnaire propose:<\/p>\n\n\n\n<ul class=\"wp-block-list\">\n<li class=\"has-medium-font-size\">des alternatives \u00e0 ces mots,<\/li>\n\n\n\n<li class=\"has-medium-font-size\">des explications simples pour les d\u00e9mystifier. <\/li>\n<\/ul>\n<\/div>\n\n\n\n<div class=\"wp-block-column is-layout-flow wp-block-column-is-layout-flow\">\n<div style=\"height:40px\" aria-hidden=\"true\" class=\"wp-block-spacer\"><\/div>\n\n\n<div class=\"wp-block-image is-style-default\">\n<figure class=\"aligncenter size-medium has-custom-border\"><img loading=\"lazy\" decoding=\"async\" width=\"230\" height=\"300\" src=\"https:\/\/www.clemontreal.org\/fr\/wp-content\/uploads\/2025\/05\/07_dictionnaire-230x300.png\" alt=\"page couverture du petit dictionnaire d\u00e9mocratique\" class=\"wp-image-1601\" style=\"border-style:none;border-width:0px;border-radius:0px\" srcset=\"https:\/\/www.clemontreal.org\/fr\/wp-content\/uploads\/2025\/05\/07_dictionnaire-230x300.png 230w, https:\/\/www.clemontreal.org\/fr\/wp-content\/uploads\/2025\/05\/07_dictionnaire.png 384w\" sizes=\"auto, (max-width: 230px) 100vw, 230px\" \/><\/figure>\n<\/div>\n\n\n<div style=\"height:20px\" aria-hidden=\"true\" class=\"wp-block-spacer\"><\/div>\n\n\n\n<div class=\"wp-block-buttons is-content-justification-center is-layout-flex wp-container-core-buttons-is-layout-16018d1d wp-block-buttons-is-layout-flex\">\n<div class=\"wp-block-button has-custom-width wp-block-button__width-75 has-custom-font-size is-style-primary has-medium-font-size\"><a class=\"wp-block-button__link has-nv-site-bg-color has-custom-3-background-color has-text-color has-background has-link-color wp-element-button\" href=\"https:\/\/drive.google.com\/file\/d\/1p0XpP1xoCvClRdZV468eMbgq05SOBVex\/view?usp=sharing\" style=\"padding-top:var(--wp--preset--spacing--20);padding-right:0;padding-bottom:var(--wp--preset--spacing--20);padding-left:0\" target=\"_blank\" rel=\"noreferrer noopener\">T\u00e9l\u00e9charger le dictionnaire<\/a><\/div>\n<\/div>\n\n\n\n<div style=\"height:10px\" aria-hidden=\"true\" class=\"wp-block-spacer\"><\/div>\n<\/div>\n<\/div>\n<\/div><\/div>\n\n\n<style>.wp-block-kadence-spacer.kt-block-spacer-1563_5aa1e3-55 .kt-block-spacer{height:40px;}.wp-block-kadence-spacer.kt-block-spacer-1563_5aa1e3-55 .kt-divider{border-top-width:1px;height:1px;border-top-color:#eee;width:80%;border-top-style:solid;}<\/style>\n<div class=\"wp-block-kadence-spacer aligncenter kt-block-spacer-1563_5aa1e3-55\"><div class=\"kt-block-spacer kt-block-spacer-halign-center\"><hr class=\"kt-divider\"\/><\/div><\/div>\n\n\n<style>.kadence-column1563_7383c6-fc > .kt-inside-inner-col{border-top:30px solid transparent;border-right:30px solid transparent;border-bottom:30px solid transparent;border-left:30px solid transparent;}.kadence-column1563_7383c6-fc > .kt-inside-inner-col,.kadence-column1563_7383c6-fc > .kt-inside-inner-col:before{border-top-left-radius:30px;border-top-right-radius:30px;border-bottom-right-radius:30px;border-bottom-left-radius:30px;}.kadence-column1563_7383c6-fc > .kt-inside-inner-col{column-gap:var(--global-kb-gap-sm, 1rem);}.kadence-column1563_7383c6-fc > .kt-inside-inner-col{flex-direction:column;}.kadence-column1563_7383c6-fc > .kt-inside-inner-col > .aligncenter{width:100%;}.kadence-column1563_7383c6-fc > .kt-inside-inner-col{background-color:var(--nv-light-bg);}.kadence-column1563_7383c6-fc > .kt-inside-inner-col:before{opacity:0.3;}.kadence-column1563_7383c6-fc{position:relative;}@media all and (max-width: 1024px){.kadence-column1563_7383c6-fc > .kt-inside-inner-col{border-top:30px solid transparent;border-right:30px solid transparent;border-bottom:30px solid transparent;border-left:30px solid transparent;flex-direction:column;justify-content:center;}}@media all and (max-width: 767px){.kadence-column1563_7383c6-fc > .kt-inside-inner-col{border-top:30px solid transparent;border-right:30px solid transparent;border-bottom:30px solid transparent;border-left:30px solid transparent;flex-direction:column;justify-content:center;}}<\/style>\n<div class=\"wp-block-kadence-column kadence-column1563_7383c6-fc\"><div class=\"kt-inside-inner-col\">\n<div class=\"wp-block-columns is-layout-flex wp-container-core-columns-is-layout-9d6595d7 wp-block-columns-is-layout-flex\">\n<div class=\"wp-block-column is-layout-flow wp-block-column-is-layout-flow\">\n<h2 class=\"wp-block-heading has-neve-link-hover-color-color has-text-color has-link-color wp-elements-592c6543901aa460289df87884719950\"><strong>Carte des groupes d&rsquo;alpha pop du Qu\u00e9bec<\/strong><\/h2>\n\n\n\n<div class=\"wp-block-columns is-layout-flex wp-container-core-columns-is-layout-9d6595d7 wp-block-columns-is-layout-flex\">\n<div class=\"wp-block-column is-layout-flow wp-block-column-is-layout-flow\"><div class=\"wp-block-image\">\n<figure class=\"aligncenter size-full\"><a href=\"https:\/\/www.google.com\/maps\/d\/edit?mid=13IzvH0ZCgsGraDD-JJbqzOZLDiTktaI&amp;usp=sharing\"><img loading=\"lazy\" decoding=\"async\" width=\"500\" height=\"300\" src=\"https:\/\/www.clemontreal.org\/fr\/wp-content\/uploads\/2025\/05\/carte-groupe-alpha-pop-qc.png\" alt=\"Carte du Qu\u00e9bec sur laquelle sont identifi\u00e9s les groupes d'alphab\u00e9tisation populaire\" class=\"wp-image-1614\" srcset=\"https:\/\/www.clemontreal.org\/fr\/wp-content\/uploads\/2025\/05\/carte-groupe-alpha-pop-qc.png 500w, https:\/\/www.clemontreal.org\/fr\/wp-content\/uploads\/2025\/05\/carte-groupe-alpha-pop-qc-300x180.png 300w\" sizes=\"auto, (max-width: 500px) 100vw, 500px\" \/><\/a><\/figure>\n<\/div><\/div>\n\n\n\n<div class=\"wp-block-column is-layout-flow wp-block-column-is-layout-flow\">\n<div style=\"height:70px\" aria-hidden=\"true\" class=\"wp-block-spacer\"><\/div>\n\n\n\n<p class=\"has-medium-font-size\">Nous avons identifi\u00e9 sur une carte o\u00f9 se trouvent les centres d&rsquo;alphab\u00e9tisation populaire du Qu\u00e9bec. <\/p>\n\n\n\n<div class=\"wp-block-buttons is-content-justification-center is-layout-flex wp-container-core-buttons-is-layout-16018d1d wp-block-buttons-is-layout-flex\">\n<div class=\"wp-block-button has-custom-width wp-block-button__width-75 has-custom-font-size is-style-primary has-medium-font-size\"><a class=\"wp-block-button__link has-nv-site-bg-color has-custom-3-background-color has-text-color has-background has-link-color wp-element-button\" href=\"https:\/\/www.google.com\/maps\/d\/edit?mid=13IzvH0ZCgsGraDD-JJbqzOZLDiTktaI&amp;usp=sharing\" style=\"padding-top:var(--wp--preset--spacing--20);padding-right:0;padding-bottom:var(--wp--preset--spacing--20);padding-left:0\" target=\"_blank\" rel=\"noreferrer noopener\">Consulter la carte<\/a><\/div>\n<\/div>\n<\/div>\n<\/div>\n<\/div>\n<\/div>\n<\/div><\/div>\n\n\n\n<p><\/p>\n","protected":false},"excerpt":{"rendered":"<p>Bo\u00eete \u00e0 id\u00e9es La bo\u00eete \u00e0 id\u00e9es a \u00e9t\u00e9 con\u00e7ue en compl\u00e9ment de la formation La d\u00e9mocratie, simplement. Elle s&rsquo;adresse aux \u00e9quipes de travail des groupes communautaires. Elle propose des pistes de r\u00e9flexion et des outils concrets afin d\u2019am\u00e9liorer: Pr\u00e9sentations pour AGA L&rsquo;\u00e9quipe du CL\u00c9 a con\u00e7u des pr\u00e9sentations pour faciliter le d\u00e9roulement des assembl\u00e9es&hellip;&nbsp;<a href=\"https:\/\/www.clemontreal.org\/fr\/index.php\/outils-du-cle\/\" rel=\"bookmark\">Lire la suite &raquo;<span class=\"screen-reader-text\">Outils du CL\u00c9<\/span><\/a><\/p>\n","protected":false},"author":2,"featured_media":0,"parent":0,"menu_order":0,"comment_status":"closed","ping_status":"closed","template":"","meta":{"inline_featured_image":false,"neve_meta_sidebar":"","neve_meta_container":"","neve_meta_enable_content_width":"","neve_meta_content_width":0,"neve_meta_title_alignment":"","neve_meta_author_avatar":"","neve_post_elements_order":"","neve_meta_disable_header":"","neve_meta_disable_footer":"","neve_meta_disable_title":"","footnotes":""},"class_list":["post-1563","page","type-page","status-publish","hentry"],"_links":{"self":[{"href":"https:\/\/www.clemontreal.org\/fr\/index.php\/wp-json\/wp\/v2\/pages\/1563","targetHints":{"allow":["GET"]}}],"collection":[{"href":"https:\/\/www.clemontreal.org\/fr\/index.php\/wp-json\/wp\/v2\/pages"}],"about":[{"href":"https:\/\/www.clemontreal.org\/fr\/index.php\/wp-json\/wp\/v2\/types\/page"}],"author":[{"embeddable":true,"href":"https:\/\/www.clemontreal.org\/fr\/index.php\/wp-json\/wp\/v2\/users\/2"}],"replies":[{"embeddable":true,"href":"https:\/\/www.clemontreal.org\/fr\/index.php\/wp-json\/wp\/v2\/comments?post=1563"}],"version-history":[{"count":27,"href":"https:\/\/www.clemontreal.org\/fr\/index.php\/wp-json\/wp\/v2\/pages\/1563\/revisions"}],"predecessor-version":[{"id":1664,"href":"https:\/\/www.clemontreal.org\/fr\/index.php\/wp-json\/wp\/v2\/pages\/1563\/revisions\/1664"}],"wp:attachment":[{"href":"https:\/\/www.clemontreal.org\/fr\/index.php\/wp-json\/wp\/v2\/media?parent=1563"}],"curies":[{"name":"wp","href":"https:\/\/api.w.org\/{rel}","templated":true}]}}